{"id":5598,"date":"2024-11-08T10:23:41","date_gmt":"2024-11-08T10:23:41","guid":{"rendered":"https:\/\/www.aikoufoil.com\/?page_id=5598"},"modified":"2024-11-08T12:37:42","modified_gmt":"2024-11-08T12:37:42","slug":"capacity","status":"publish","type":"page","link":"https:\/\/www.aikoufoil.com\/es\/about-aikou\/capacity\/","title":{"rendered":"Capacidad"},"content":{"rendered":"<div data-elementor-type=\"wp-page\" data-elementor-id=\"5598\" class=\"elementor elementor-5598\">\n\t\t\t\t<div class=\"wd-negative-gap elementor-element elementor-element-4b2c5d3 wd-section-stretch-content e-flex e-con-boxed e-con e-parent\" data-id=\"4b2c5d3\" data-element_type=\"container\" data-e-type=\"container\">\n\t\t\t\t\t<div class=\"e-con-inner\">\n\t\t\t\t<div class=\"elementor-element elementor-element-727d6b1 text-center wd-el-breadcrumbs elementor-widget elementor-widget-wd_wc_breadcrumb\" data-id=\"727d6b1\" data-element_type=\"widget\" data-e-type=\"widget\" data-widget_type=\"wd_wc_breadcrumb.default\">\n\t\t\t\t<div class=\"elementor-widget-container\">\n\t\t\t\t\t<nav class=\"wd-breadcrumbs woocommerce-breadcrumb\" aria-label=\"Migaja de pan\">\t\t\t\t<span class=\"wd-last\">\n\t\t\t\t\tHogar\t\t\t\t<\/span>\n\t\t\t<\/nav>\t\t\t\t<\/div>\n\t\t\t\t<\/div>\n\t\t<div class=\"elementor-element elementor-element-9e3c697 e-con-full e-flex e-con e-child\" data-id=\"9e3c697\" data-element_type=\"container\" data-e-type=\"container\" data-settings=\"{&quot;background_background&quot;:&quot;classic&quot;}\">\n\t\t\t\t<div class=\"elementor-element elementor-element-286f1a0 elementor-widget elementor-widget-heading\" data-id=\"286f1a0\" data-element_type=\"widget\" data-e-type=\"widget\" data-widget_type=\"heading.default\">\n\t\t\t\t\t<h1 class=\"elementor-heading-title elementor-size-default\">Capacidad<\/h1>\t\t\t\t<\/div>\n\t\t\t\t<div class=\"elementor-element elementor-element-be84d4a elementor-widget-divider--view-line elementor-widget elementor-widget-divider\" data-id=\"be84d4a\" data-element_type=\"widget\" data-e-type=\"widget\" data-widget_type=\"divider.default\">\n\t\t\t\t\t\t\t<div class=\"elementor-divider\">\n\t\t\t<span class=\"elementor-divider-separator\">\n\t\t\t\t\t\t<\/span>\n\t\t<\/div>\n\t\t\t\t\t\t<\/div>\n\t\t<div class=\"elementor-element elementor-element-b3c6cf5 e-con-full e-grid e-con e-child\" data-id=\"b3c6cf5\" data-element_type=\"container\" data-e-type=\"container\">\n\t\t<div class=\"elementor-element elementor-element-73673b3 e-con-full e-flex e-con e-child\" data-id=\"73673b3\" data-element_type=\"container\" data-e-type=\"container\">\n\t\t\t\t<div class=\"elementor-element elementor-element-847189b text-center color-scheme-inherit elementor-widget elementor-widget-text-editor\" data-id=\"847189b\" data-element_type=\"widget\" data-e-type=\"widget\" data-widget_type=\"text-editor.default\">\n\t\t\t\t\t\t\t\t\t<p>35+<\/p>\t\t\t\t\t\t\t\t<\/div>\n\t\t\t\t<div class=\"elementor-element elementor-element-988f8a4 color-scheme-inherit text-left elementor-widget elementor-widget-text-editor\" data-id=\"988f8a4\" data-element_type=\"widget\" data-e-type=\"widget\" data-widget_type=\"text-editor.default\">\n\t\t\t\t\t\t\t\t\t<p>35 l\u00edneas de producci\u00f3n automatizadas<\/p>\t\t\t\t\t\t\t\t<\/div>\n\t\t\t\t<\/div>\n\t\t<div class=\"elementor-element elementor-element-ff0772a e-con-full e-flex e-con e-child\" data-id=\"ff0772a\" data-element_type=\"container\" data-e-type=\"container\">\n\t\t\t\t<div class=\"elementor-element elementor-element-7834bdb text-center color-scheme-inherit elementor-widget elementor-widget-text-editor\" data-id=\"7834bdb\" data-element_type=\"widget\" data-e-type=\"widget\" data-widget_type=\"text-editor.default\">\n\t\t\t\t\t\t\t\t\t<p>60+<\/p>\t\t\t\t\t\t\t\t<\/div>\n\t\t\t\t<div class=\"elementor-element elementor-element-eea6285 color-scheme-inherit text-left elementor-widget elementor-widget-text-editor\" data-id=\"eea6285\" data-element_type=\"widget\" data-e-type=\"widget\" data-widget_type=\"text-editor.default\">\n\t\t\t\t\t\t\t\t\t<p>Exportado a m\u00e1s de 60 pa\u00edses.<\/p>\t\t\t\t\t\t\t\t<\/div>\n\t\t\t\t<\/div>\n\t\t<div class=\"elementor-element elementor-element-5241196 e-con-full e-flex e-con e-child\" data-id=\"5241196\" data-element_type=\"container\" data-e-type=\"container\">\n\t\t\t\t<div class=\"elementor-element elementor-element-dab0f7b text-center color-scheme-inherit elementor-widget elementor-widget-text-editor\" data-id=\"dab0f7b\" data-element_type=\"widget\" data-e-type=\"widget\" data-widget_type=\"text-editor.default\">\n\t\t\t\t\t\t\t\t\t<p>600+<\/p>\t\t\t\t\t\t\t\t<\/div>\n\t\t\t\t<div class=\"elementor-element elementor-element-0d7bcf8 color-scheme-inherit text-left elementor-widget elementor-widget-text-editor\" data-id=\"0d7bcf8\" data-element_type=\"widget\" data-e-type=\"widget\" data-widget_type=\"text-editor.default\">\n\t\t\t\t\t\t\t\t\t<p>M\u00e1s de 600 moldes de productos<\/p>\t\t\t\t\t\t\t\t<\/div>\n\t\t\t\t<\/div>\n\t\t<div class=\"elementor-element elementor-element-cee7376 e-con-full e-flex e-con e-child\" data-id=\"cee7376\" data-element_type=\"container\" data-e-type=\"container\">\n\t\t\t\t<div class=\"elementor-element elementor-element-7e03f11 text-center color-scheme-inherit elementor-widget elementor-widget-text-editor\" data-id=\"7e03f11\" data-element_type=\"widget\" data-e-type=\"widget\" data-widget_type=\"text-editor.default\">\n\t\t\t\t\t\t\t\t\t<p>BN+<\/p>\t\t\t\t\t\t\t\t<\/div>\n\t\t\t\t<div class=\"elementor-element elementor-element-cce232f color-scheme-inherit text-left elementor-widget elementor-widget-text-editor\" data-id=\"cce232f\" data-element_type=\"widget\" data-e-type=\"widget\" data-widget_type=\"text-editor.default\">\n\t\t\t\t\t\t\t\t\t<p>Producci\u00f3n anual de m\u00e1s de mil millones de envases de papel de aluminio.<\/p>\t\t\t\t\t\t\t\t<\/div>\n\t\t\t\t<\/div>\n\t\t<div class=\"elementor-element elementor-element-3ba5e2e e-con-full e-flex e-con e-child\" data-id=\"3ba5e2e\" data-element_type=\"container\" data-e-type=\"container\">\n\t\t\t\t<div class=\"elementor-element elementor-element-3874d19 text-center color-scheme-inherit elementor-widget elementor-widget-text-editor\" data-id=\"3874d19\" data-element_type=\"widget\" data-e-type=\"widget\" data-widget_type=\"text-editor.default\">\n\t\t\t\t\t\t\t\t\t<p>1hm\u00b2+<\/p>\t\t\t\t\t\t\t\t<\/div>\n\t\t\t\t<div class=\"elementor-element elementor-element-c4ee78d color-scheme-inherit text-left elementor-widget elementor-widget-text-editor\" data-id=\"c4ee78d\" data-element_type=\"widget\" data-e-type=\"widget\" data-widget_type=\"text-editor.default\">\n\t\t\t\t\t\t\t\t\t<p>\u00c1rea de almac\u00e9n de m\u00e1s de 10000 metros cuadrados, capaz de realizar entregas oportunas.<\/p>\t\t\t\t\t\t\t\t<\/div>\n\t\t\t\t<\/div>\n\t\t\t\t<\/div>\n\t\t\t\t<div class=\"elementor-element elementor-element-1b7c5ef text-center color-scheme-inherit elementor-widget elementor-widget-text-editor\" data-id=\"1b7c5ef\" data-element_type=\"widget\" data-e-type=\"widget\" data-widget_type=\"text-editor.default\">\n\t\t\t\t\t\t\t\t\t<p>Los datos anteriores aumentan constantemente cada a\u00f1o.<\/p>\t\t\t\t\t\t\t\t<\/div>\n\t\t\t\t<div class=\"elementor-element elementor-element-bd574ff elementor-widget-divider--view-line elementor-widget elementor-widget-divider\" data-id=\"bd574ff\" data-element_type=\"widget\" data-e-type=\"widget\" data-widget_type=\"divider.default\">\n\t\t\t\t\t\t\t<div class=\"elementor-divider\">\n\t\t\t<span class=\"elementor-divider-separator\">\n\t\t\t\t\t\t<\/span>\n\t\t<\/div>\n\t\t\t\t\t\t<\/div>\n\t\t\t\t<\/div>\n\t\t<div class=\"elementor-element elementor-element-6329c08 e-con-full e-flex e-con e-child\" data-id=\"6329c08\" data-element_type=\"container\" data-e-type=\"container\" data-settings=\"{&quot;background_background&quot;:&quot;classic&quot;}\">\n\t\t\t\t<div class=\"elementor-element elementor-element-88eabdb text-center color-scheme-inherit elementor-widget elementor-widget-text-editor\" data-id=\"88eabdb\" data-element_type=\"widget\" data-e-type=\"widget\" data-widget_type=\"text-editor.default\">\n\t\t\t\t\t\t\t\t\t<p>Con una selecci\u00f3n de m\u00e1s de 600 moldes de productos, puede encontrar envases adecuados para sus productos en nuestro cat\u00e1logo. Cada a\u00f1o se desarrollan nuevos moldes en respuesta a la demanda del mercado. Adem\u00e1s, puede solicitar a Aikou que personalice un molde \u00fanico en cualquier momento para satisfacer sus requisitos espec\u00edficos.<\/p>\t\t\t\t\t\t\t\t<\/div>\n\t\t\t\t<div class=\"elementor-element elementor-element-8836b49 elementor-widget-divider--view-line elementor-widget elementor-widget-divider\" data-id=\"8836b49\" data-element_type=\"widget\" data-e-type=\"widget\" data-widget_type=\"divider.default\">\n\t\t\t\t\t\t\t<div class=\"elementor-divider\">\n\t\t\t<span class=\"elementor-divider-separator\">\n\t\t\t\t\t\t<\/span>\n\t\t<\/div>\n\t\t\t\t\t\t<\/div>\n\t\t<div class=\"elementor-element elementor-element-fa4c29f e-con-full e-flex e-con e-child\" data-id=\"fa4c29f\" data-element_type=\"container\" data-e-type=\"container\">\n\t\t\t\t<div class=\"elementor-element elementor-element-ed342e1 elementor-widget elementor-widget-image\" data-id=\"ed342e1\" data-element_type=\"widget\" data-e-type=\"widget\" data-widget_type=\"image.default\">\n\t\t\t\t\t\t\t\t\t\t\t\t\t\t\t<img decoding=\"async\" src=\"https:\/\/www.aikoufoil.com\/wp-content\/uploads\/elementor\/thumbs\/multi-style-airline-food-container-molds-qwm2qdpisiywwdbvqh812g0ewc81ilhio9jtky8ymw.jpg\" title=\"Moldes para contenedores de alimentos de aerol\u00edneas de varios estilos\" alt=\"Moldes para contenedores de alimentos de aerol\u00edneas de varios estilos\" loading=\"lazy\" \/>\t\t\t\t\t\t\t\t\t\t\t\t\t\t\t<\/div>\n\t\t\t\t<div class=\"elementor-element elementor-element-3a22efd elementor-widget elementor-widget-image\" data-id=\"3a22efd\" data-element_type=\"widget\" data-e-type=\"widget\" data-widget_type=\"image.default\">\n\t\t\t\t\t\t\t\t\t\t\t\t\t\t\t<img decoding=\"async\" src=\"https:\/\/www.aikoufoil.com\/wp-content\/uploads\/elementor\/thumbs\/multi-style-takeaway-food-foil-container-molds-qwm2rg8wkqfo4drwhfvqeoab94y3a6qihkaq9antjs.jpg\" title=\"Moldes para envases de aluminio para comida para llevar de varios estilos\" alt=\"Moldes para envases de aluminio para comida para llevar de varios estilos\" loading=\"lazy\" \/>\t\t\t\t\t\t\t\t\t\t\t\t\t\t\t<\/div>\n\t\t\t\t<div class=\"elementor-element elementor-element-a7f57f1 elementor-widget elementor-widget-image\" data-id=\"a7f57f1\" data-element_type=\"widget\" data-e-type=\"widget\" data-widget_type=\"image.default\">\n\t\t\t\t\t\t\t\t\t\t\t\t\t\t\t<img decoding=\"async\" src=\"https:\/\/www.aikoufoil.com\/wp-content\/uploads\/elementor\/thumbs\/multi-style-foil-baking-cup-molds-qwm2s0xcr37z7sxv4otixj2gbm45zj0lwenetdt5qw.jpg\" title=\"Moldes para hornear con papel de aluminio de varios estilos\" alt=\"Moldes para hornear con papel de aluminio de varios estilos\" loading=\"lazy\" \/>\t\t\t\t\t\t\t\t\t\t\t\t\t\t\t<\/div>\n\t\t\t\t<\/div>\n\t\t\t\t<div class=\"elementor-element elementor-element-d4aef17 color-scheme-inherit text-left elementor-widget elementor-widget-text-editor\" data-id=\"d4aef17\" data-element_type=\"widget\" data-e-type=\"widget\" data-widget_type=\"text-editor.default\">\n\t\t\t\t\t\t\t\t\t<p><a href=\"https:\/\/www.aikoufoil.com\/es\/about-aikou\/leading-technologies\/\">Conozca las tecnolog\u00edas l\u00edderes de Aikou<\/a><\/p>\t\t\t\t\t\t\t\t<\/div>\n\t\t\t\t<\/div>\n\t\t<div class=\"elementor-element elementor-element-aa88ba0 e-con-full e-flex e-con e-child\" data-id=\"aa88ba0\" data-element_type=\"container\" data-e-type=\"container\" data-settings=\"{&quot;background_background&quot;:&quot;classic&quot;}\">\n\t\t\t\t<div class=\"elementor-element elementor-element-72ef992 text-center color-scheme-inherit elementor-widget elementor-widget-text-editor\" data-id=\"72ef992\" data-element_type=\"widget\" data-e-type=\"widget\" data-widget_type=\"text-editor.default\">\n\t\t\t\t\t\t\t\t\t<p>Actualmente, Aikou cuenta con 35 l\u00edneas de producci\u00f3n automatizadas avanzadas, que producen una producci\u00f3n anual que supera los mil millones de unidades.<br \/>La capacidad de producci\u00f3n permite cumplir r\u00e1pidamente con los pedidos de los clientes, asegurando oportunidades de mercado. Adem\u00e1s, estos datos van en aumento a medida que persistimos en nuestro crecimiento y expansi\u00f3n.<\/p>\t\t\t\t\t\t\t\t<\/div>\n\t\t\t\t<\/div>\n\t\t<div class=\"elementor-element elementor-element-9ad87ac e-con-full e-flex e-con e-child\" data-id=\"9ad87ac\" data-element_type=\"container\" data-e-type=\"container\" data-settings=\"{&quot;background_background&quot;:&quot;classic&quot;}\">\n\t\t\t\t<div class=\"elementor-element elementor-element-3cf57ce text-center color-scheme-inherit elementor-widget elementor-widget-text-editor\" data-id=\"3cf57ce\" data-element_type=\"widget\" data-e-type=\"widget\" data-widget_type=\"text-editor.default\">\n\t\t\t\t\t\t\t\t\t<p>Nuestro almac\u00e9n de m\u00e1s de 10 000 metros cuadrados, con suficiente materia prima y almacenamiento de stock, garantiza la consistencia de la calidad de cada unidad de pedidos grandes. Para pedidos peque\u00f1os a granel que no sean personalizados, podemos realizar entregas r\u00e1pidas en 72 horas.<\/p>\t\t\t\t\t\t\t\t<\/div>\n\t\t\t\t<div class=\"elementor-element elementor-element-9ec48f1 elementor-widget-divider--view-line elementor-widget elementor-widget-divider\" data-id=\"9ec48f1\" data-element_type=\"widget\" data-e-type=\"widget\" data-widget_type=\"divider.default\">\n\t\t\t\t\t\t\t<div class=\"elementor-divider\">\n\t\t\t<span class=\"elementor-divider-separator\">\n\t\t\t\t\t\t<\/span>\n\t\t<\/div>\n\t\t\t\t\t\t<\/div>\n\t\t<div class=\"elementor-element elementor-element-5ba6313 e-con-full e-flex e-con e-child\" data-id=\"5ba6313\" data-element_type=\"container\" data-e-type=\"container\">\n\t\t\t\t<div class=\"elementor-element elementor-element-e8772a5 elementor-widget elementor-widget-image\" data-id=\"e8772a5\" data-element_type=\"widget\" data-e-type=\"widget\" data-widget_type=\"image.default\">\n\t\t\t\t\t\t\t\t\t\t\t\t\t\t\t<img fetchpriority=\"high\" decoding=\"async\" width=\"800\" height=\"450\" src=\"https:\/\/www.aikoufoil.com\/wp-content\/uploads\/2024\/11\/sufficient-raw-materials-and-stock-reserves.jpg\" class=\"attachment-large size-large wp-image-5634\" alt=\"\" srcset=\"https:\/\/www.aikoufoil.com\/wp-content\/uploads\/2024\/11\/sufficient-raw-materials-and-stock-reserves.jpg 800w, https:\/\/www.aikoufoil.com\/wp-content\/uploads\/2024\/11\/sufficient-raw-materials-and-stock-reserves-300x169.jpg 300w, https:\/\/www.aikoufoil.com\/wp-content\/uploads\/2024\/11\/sufficient-raw-materials-and-stock-reserves-768x432.jpg 768w, https:\/\/www.aikoufoil.com\/wp-content\/uploads\/2024\/11\/sufficient-raw-materials-and-stock-reserves-18x10.jpg 18w, https:\/\/www.aikoufoil.com\/wp-content\/uploads\/2024\/11\/sufficient-raw-materials-and-stock-reserves-600x338.jpg 600w, https:\/\/www.aikoufoil.com\/wp-content\/uploads\/2024\/11\/sufficient-raw-materials-and-stock-reserves-150x84.jpg 150w\" sizes=\"(max-width: 800px) 100vw, 800px\">\t\t\t\t\t\t\t\t\t\t\t\t\t\t\t<\/div>\n\t\t\t\t<div class=\"elementor-element elementor-element-8a60761 elementor-widget elementor-widget-image\" data-id=\"8a60761\" data-element_type=\"widget\" data-e-type=\"widget\" data-widget_type=\"image.default\">\n\t\t\t\t\t\t\t\t\t\t\t\t\t\t\t<img decoding=\"async\" width=\"800\" height=\"450\" src=\"https:\/\/www.aikoufoil.com\/wp-content\/uploads\/2024\/11\/professional-international-logistics-packaging.jpg\" class=\"attachment-large size-large wp-image-5635\" alt=\"Embalaje log\u00edstico internacional profesional\" srcset=\"https:\/\/www.aikoufoil.com\/wp-content\/uploads\/2024\/11\/professional-international-logistics-packaging.jpg 800w, https:\/\/www.aikoufoil.com\/wp-content\/uploads\/2024\/11\/professional-international-logistics-packaging-300x169.jpg 300w, https:\/\/www.aikoufoil.com\/wp-content\/uploads\/2024\/11\/professional-international-logistics-packaging-768x432.jpg 768w, https:\/\/www.aikoufoil.com\/wp-content\/uploads\/2024\/11\/professional-international-logistics-packaging-18x10.jpg 18w, https:\/\/www.aikoufoil.com\/wp-content\/uploads\/2024\/11\/professional-international-logistics-packaging-600x338.jpg 600w, https:\/\/www.aikoufoil.com\/wp-content\/uploads\/2024\/11\/professional-international-logistics-packaging-150x84.jpg 150w\" sizes=\"(max-width: 800px) 100vw, 800px\" \/>\t\t\t\t\t\t\t\t\t\t\t\t\t\t\t<\/div>\n\t\t\t\t<\/div>\n\t\t\t\t<\/div>\n\t\t<div class=\"elementor-element elementor-element-5d8bb31 e-con-full e-flex e-con e-child\" data-id=\"5d8bb31\" data-element_type=\"container\" data-e-type=\"container\" data-settings=\"{&quot;background_background&quot;:&quot;classic&quot;}\">\n\t\t\t\t<div class=\"elementor-element elementor-element-1ba9ac0 text-center color-scheme-inherit elementor-widget elementor-widget-text-editor\" data-id=\"1ba9ac0\" data-element_type=\"widget\" data-e-type=\"widget\" data-widget_type=\"text-editor.default\">\n\t\t\t\t\t\t\t\t\t<p>Aikou mantiene una cooperaci\u00f3n amistosa con socios en m\u00e1s de 60 pa\u00edses y regiones de todo el mundo. Nuestra amplia experiencia nos permite ofrecer siempre las rutas log\u00edsticas m\u00e1s r\u00e1pidas, econ\u00f3micas y de mayor calidad a nuestros socios.<\/p>\t\t\t\t\t\t\t\t<\/div>\n\t\t\t\t<div class=\"elementor-element elementor-element-f3e3dcf elementor-widget-divider--view-line elementor-widget elementor-widget-divider\" data-id=\"f3e3dcf\" data-element_type=\"widget\" data-e-type=\"widget\" data-widget_type=\"divider.default\">\n\t\t\t\t\t\t\t<div class=\"elementor-divider\">\n\t\t\t<span class=\"elementor-divider-separator\">\n\t\t\t\t\t\t<\/span>\n\t\t<\/div>\n\t\t\t\t\t\t<\/div>\n\t\t\t\t<div class=\"elementor-element elementor-element-5911ee7 elementor-widget elementor-widget-image\" data-id=\"5911ee7\" data-element_type=\"widget\" data-e-type=\"widget\" data-widget_type=\"image.default\">\n\t\t\t\t\t\t\t\t\t\t\t\t\t\t\t<img decoding=\"async\" width=\"952\" height=\"562\" src=\"https:\/\/www.aikoufoil.com\/wp-content\/uploads\/2024\/11\/global-presence.png\" class=\"attachment-large size-large wp-image-5636\" alt=\"presencia global\" srcset=\"https:\/\/www.aikoufoil.com\/wp-content\/uploads\/2024\/11\/global-presence.png 952w, https:\/\/www.aikoufoil.com\/wp-content\/uploads\/2024\/11\/global-presence-300x177.png 300w, https:\/\/www.aikoufoil.com\/wp-content\/uploads\/2024\/11\/global-presence-768x453.png 768w, https:\/\/www.aikoufoil.com\/wp-content\/uploads\/2024\/11\/global-presence-18x12.png 18w, https:\/\/www.aikoufoil.com\/wp-content\/uploads\/2024\/11\/global-presence-600x354.png 600w, https:\/\/www.aikoufoil.com\/wp-content\/uploads\/2024\/11\/global-presence-150x89.png 150w\" sizes=\"(max-width: 952px) 100vw, 952px\" \/>\t\t\t\t\t\t\t\t\t\t\t\t\t\t\t<\/div>\n\t\t\t\t<\/div>\n\t\t\t\t\t<\/div>\n\t\t\t\t<\/div>\n\t\t\t\t<\/div>","protected":false},"excerpt":{"rendered":"<p>Inicio Capacidad 35+ 35 l\u00edneas de producci\u00f3n automatizadas 60+ Exportado a m\u00e1s de 60 pa\u00edses 600+ M\u00e1s de 600 moldes de productos BN+ Anual<\/p>","protected":false},"author":3,"featured_media":0,"parent":2144,"menu_order":0,"comment_status":"closed","ping_status":"closed","template":"","meta":{"_lmt_disableupdate":"no","_lmt_disable":"","footnotes":""},"class_list":["post-5598","page","type-page","status-publish","hentry"],"_links":{"self":[{"href":"https:\/\/www.aikoufoil.com\/es\/wp-json\/wp\/v2\/pages\/5598","targetHints":{"allow":["GET"]}}],"collection":[{"href":"https:\/\/www.aikoufoil.com\/es\/wp-json\/wp\/v2\/pages"}],"about":[{"href":"https:\/\/www.aikoufoil.com\/es\/wp-json\/wp\/v2\/types\/page"}],"author":[{"embeddable":true,"href":"https:\/\/www.aikoufoil.com\/es\/wp-json\/wp\/v2\/users\/3"}],"replies":[{"embeddable":true,"href":"https:\/\/www.aikoufoil.com\/es\/wp-json\/wp\/v2\/comments?post=5598"}],"version-history":[{"count":5,"href":"https:\/\/www.aikoufoil.com\/es\/wp-json\/wp\/v2\/pages\/5598\/revisions"}],"predecessor-version":[{"id":5919,"href":"https:\/\/www.aikoufoil.com\/es\/wp-json\/wp\/v2\/pages\/5598\/revisions\/5919"}],"up":[{"embeddable":true,"href":"https:\/\/www.aikoufoil.com\/es\/wp-json\/wp\/v2\/pages\/2144"}],"wp:attachment":[{"href":"https:\/\/www.aikoufoil.com\/es\/wp-json\/wp\/v2\/media?parent=5598"}],"curies":[{"name":"gracias","href":"https:\/\/api.w.org\/{rel}","templated":true}]}}