{"id":4687,"date":"2024-11-08T10:18:37","date_gmt":"2024-11-08T10:18:37","guid":{"rendered":"https:\/\/www.aikoufoil.com\/?page_id=4687"},"modified":"2024-11-08T10:18:39","modified_gmt":"2024-11-08T10:18:39","slug":"history","status":"publish","type":"page","link":"https:\/\/www.aikoufoil.com\/es\/about-aikou\/history\/","title":{"rendered":"Historia de la empresa"},"content":{"rendered":"<div data-elementor-type=\"wp-page\" data-elementor-id=\"4687\" class=\"elementor elementor-4687\">\n\t\t\t\t<div class=\"wd-negative-gap elementor-element elementor-element-0e56cfb wd-section-stretch-content e-flex e-con-boxed e-con e-parent\" data-id=\"0e56cfb\" data-element_type=\"container\" data-e-type=\"container\">\n\t\t\t\t\t<div class=\"e-con-inner\">\n\t\t\t\t<div class=\"elementor-element elementor-element-434bf47 text-center wd-el-breadcrumbs elementor-widget elementor-widget-wd_wc_breadcrumb\" data-id=\"434bf47\" data-element_type=\"widget\" data-e-type=\"widget\" data-widget_type=\"wd_wc_breadcrumb.default\">\n\t\t\t\t<div class=\"elementor-widget-container\">\n\t\t\t\t\t<nav class=\"wd-breadcrumbs woocommerce-breadcrumb\" aria-label=\"Migaja de pan\">\t\t\t\t<span class=\"wd-last\">\n\t\t\t\t\tHogar\t\t\t\t<\/span>\n\t\t\t<\/nav>\t\t\t\t<\/div>\n\t\t\t\t<\/div>\n\t\t<div class=\"elementor-element elementor-element-a4bcbd1 e-con-full wd-section-stretch e-flex e-con e-child\" data-id=\"a4bcbd1\" data-element_type=\"container\" data-e-type=\"container\" data-settings=\"{&quot;background_background&quot;:&quot;classic&quot;}\">\n\t\t\t\t<div class=\"elementor-element elementor-element-ab6f3c5 elementor-widget elementor-widget-heading\" data-id=\"ab6f3c5\" data-element_type=\"widget\" data-e-type=\"widget\" data-widget_type=\"heading.default\">\n\t\t\t\t\t<h1 class=\"elementor-heading-title elementor-size-default\">Historia de la empresa<\/h1>\t\t\t\t<\/div>\n\t\t\t\t<div class=\"elementor-element elementor-element-f97365e elementor-widget-divider--view-line elementor-widget elementor-widget-divider\" data-id=\"f97365e\" data-element_type=\"widget\" data-e-type=\"widget\" data-widget_type=\"divider.default\">\n\t\t\t\t\t\t\t<div class=\"elementor-divider\">\n\t\t\t<span class=\"elementor-divider-separator\">\n\t\t\t\t\t\t<\/span>\n\t\t<\/div>\n\t\t\t\t\t\t<\/div>\n\t\t\t\t<div class=\"elementor-element elementor-element-4deb9a3 text-center color-scheme-inherit elementor-widget elementor-widget-text-editor\" data-id=\"4deb9a3\" data-element_type=\"widget\" data-e-type=\"widget\" data-widget_type=\"text-editor.default\">\n\t\t\t\t\t\t\t\t\t<span style=\"color: #f3d393; background-image: linear-gradient(45deg, #f3d393 56%, #f7efb8 16%, #efc673 42%); background-clip: text; -webkit-background-clip: text; -webkit-text-fill-color: transparent;font-size: 50px;\"><strong>De 1995 al futuro<\/strong><\/span>\t\t\t\t\t\t\t\t<\/div>\n\t\t\t\t<\/div>\n\t\t<div class=\"elementor-element elementor-element-1f443ce e-con-full wd-section-stretch e-flex e-con e-child\" data-id=\"1f443ce\" data-element_type=\"container\" data-e-type=\"container\" data-settings=\"{&quot;background_background&quot;:&quot;classic&quot;}\">\n\t\t\t\t<div class=\"elementor-element elementor-element-f16c403 elementor-widget__width-initial elementor-widget elementor-widget-wd_timeline\" data-id=\"f16c403\" data-element_type=\"widget\" data-e-type=\"widget\" data-widget_type=\"wd_timeline.default\">\n\t\t\t\t<div class=\"elementor-widget-container\">\n\t\t\t\t\t\t\t<div class=\"wd-timeline-wrapper wd-item-default wd-line-default\">\n\t\t\t<div class=\"woodmart-timeline-line\">\n\t\t\t\t<span class=\"line-dot dot-start\"><\/span>\n\t\t\t\t<span class=\"line-dot dot-end\"><\/span>\n\t\t\t<\/div>\n\n\t\t\t<div class=\"wd-timeline\">\n\t\t\t\t\t\t\t\t\t\t\t\t\t\t\t\t\t\t\t\t<div class=\"wd-timeline-item wd-item-position-left elementor-repeater-item-6b14a0e\">\n\t\t\t\t\t\t\t<div class=\"woodmart-timeline-dot\"><\/div>\n\n\t\t\t\t\t\t\t<div class=\"timeline-col timeline-col-primary\">\n\t\t\t\t\t\t\t\t<span class=\"timeline-arrow\"><\/span>\n\t\t\t\t\t\t\t\t\n\t\t\t\t\t\t\t\t\n\t\t\t\t\t\t\t\t<div class=\"wd-timeline-content wd-set-mb reset-last-child\">\n\t\t\t\t\t\t\t\t\t<span style=\"color: #339967; font-size: 50px;\"><strong>1995<\/strong><\/span>\t\t\t\t\t\t\t\t<\/div>\n\t\t\t\t\t\t\t<\/div>\n\n\t\t\t\t\t\t\t<div class=\"timeline-col timeline-col-secondary\">\n\t\t\t\t\t\t\t\t<span class=\"timeline-arrow\"><\/span>\n\t\t\t\t\t\t\t\t\t\t\t\t\t\t\t\t\t<div class=\"wd-timeline-image\">\n\t\t\t\t\t\t\t\t\t\t<img fetchpriority=\"high\" decoding=\"async\" width=\"600\" height=\"450\" src=\"https:\/\/www.aikoufoil.com\/wp-content\/uploads\/2024\/11\/company-history-1-600x450.png\" class=\"attachment-woocommerce_single size-woocommerce_single\" alt=\"Historia de la empresa 1\" srcset=\"https:\/\/www.aikoufoil.com\/wp-content\/uploads\/2024\/11\/company-history-1-600x450.png 600w, https:\/\/www.aikoufoil.com\/wp-content\/uploads\/2024\/11\/company-history-1-300x225.png 300w, https:\/\/www.aikoufoil.com\/wp-content\/uploads\/2024\/11\/company-history-1-768x576.png 768w, https:\/\/www.aikoufoil.com\/wp-content\/uploads\/2024\/11\/company-history-1-16x12.png 16w, https:\/\/www.aikoufoil.com\/wp-content\/uploads\/2024\/11\/company-history-1-150x113.png 150w, https:\/\/www.aikoufoil.com\/wp-content\/uploads\/2024\/11\/company-history-1.png 800w\" sizes=\"(max-width: 600px) 100vw, 600px\" \/>\t\t\t\t\t\t\t\t\t<\/div>\n\t\t\t\t\t\t\t\t\n\t\t\t\t\t\t\t\t\n\t\t\t\t\t\t\t\t<div class=\"wd-timeline-content wd-set-mb reset-last-child\">\n\t\t\t\t\t\t\t\t\t<span style=\" font-size: 24px;\">\nEn 1995, los ingenieros de Aikou se convirtieron en el primer personal de I+D en China en desarrollar loncheras de papel de aluminio corrugado.\t\t\t\t\t\t\t\t<\/div>\n\t\t\t\t\t\t\t<\/div>\n\t\t\t\t\t\t<\/div>\n\t\t\t\t\t\t\t\t\t\t\t\t\t\t\t\t\t\t\t\t\t\t\t\t\t<div class=\"wd-timeline-item wd-item-position-left elementor-repeater-item-89fbca4\">\n\t\t\t\t\t\t\t<div class=\"woodmart-timeline-dot\"><\/div>\n\n\t\t\t\t\t\t\t<div class=\"timeline-col timeline-col-primary\">\n\t\t\t\t\t\t\t\t<span class=\"timeline-arrow\"><\/span>\n\t\t\t\t\t\t\t\t\t\t\t\t\t\t\t\t\t<div class=\"wd-timeline-image\">\n\t\t\t\t\t\t\t\t\t\t<img decoding=\"async\" width=\"600\" height=\"450\" src=\"https:\/\/www.aikoufoil.com\/wp-content\/uploads\/2024\/11\/company-history-2-600x450.png\" class=\"attachment-woocommerce_single size-woocommerce_single\" alt=\"\" srcset=\"https:\/\/www.aikoufoil.com\/wp-content\/uploads\/2024\/11\/company-history-2-600x450.png 600w, https:\/\/www.aikoufoil.com\/wp-content\/uploads\/2024\/11\/company-history-2-300x225.png 300w, https:\/\/www.aikoufoil.com\/wp-content\/uploads\/2024\/11\/company-history-2-768x576.png 768w, https:\/\/www.aikoufoil.com\/wp-content\/uploads\/2024\/11\/company-history-2-16x12.png 16w, https:\/\/www.aikoufoil.com\/wp-content\/uploads\/2024\/11\/company-history-2-150x113.png 150w, https:\/\/www.aikoufoil.com\/wp-content\/uploads\/2024\/11\/company-history-2.png 800w\" sizes=\"(max-width: 600px) 100vw, 600px\">\t\t\t\t\t\t\t\t\t<\/div>\n\t\t\t\t\t\t\t\t\n\t\t\t\t\t\t\t\t\n\t\t\t\t\t\t\t\t<div class=\"wd-timeline-content wd-set-mb reset-last-child\">\n\t\t\t\t\t\t\t\t\t<span style=\" font-size: 24px;\">\nEn 2010, Aikou particip\u00f3 activamente en la investigaci\u00f3n y el desarrollo de loncheras de papel de aluminio liso, comprometida con la creaci\u00f3n de envases de alimentos ecol\u00f3gicos y respetuosos con el medio ambiente.\t\t\t\t\t\t\t\t<\/div>\n\t\t\t\t\t\t\t<\/div>\n\n\t\t\t\t\t\t\t<div class=\"timeline-col timeline-col-secondary\">\n\t\t\t\t\t\t\t\t<span class=\"timeline-arrow\"><\/span>\n\t\t\t\t\t\t\t\t\n\t\t\t\t\t\t\t\t\n\t\t\t\t\t\t\t\t<div class=\"wd-timeline-content wd-set-mb reset-last-child\">\n\t\t\t\t\t\t\t\t\t<span style=\"color: #339967; font-size: 50px;\"><strong>2010<\/strong><\/span>\t\t\t\t\t\t\t\t<\/div>\n\t\t\t\t\t\t\t<\/div>\n\t\t\t\t\t\t<\/div>\n\t\t\t\t\t\t\t\t\t\t\t\t\t\t\t\t\t\t\t\t\t\t\t\t\t<div class=\"wd-timeline-item wd-item-position-left elementor-repeater-item-3e7bfd7\">\n\t\t\t\t\t\t\t<div class=\"woodmart-timeline-dot\"><\/div>\n\n\t\t\t\t\t\t\t<div class=\"timeline-col timeline-col-primary\">\n\t\t\t\t\t\t\t\t<span class=\"timeline-arrow\"><\/span>\n\t\t\t\t\t\t\t\t\n\t\t\t\t\t\t\t\t\n\t\t\t\t\t\t\t\t<div class=\"wd-timeline-content wd-set-mb reset-last-child\">\n\t\t\t\t\t\t\t\t\t<span style=\"color: #339967; font-size: 50px;\"><strong>2013<\/strong><\/span>\t\t\t\t\t\t\t\t<\/div>\n\t\t\t\t\t\t\t<\/div>\n\n\t\t\t\t\t\t\t<div class=\"timeline-col timeline-col-secondary\">\n\t\t\t\t\t\t\t\t<span class=\"timeline-arrow\"><\/span>\n\t\t\t\t\t\t\t\t\t\t\t\t\t\t\t\t\t<div class=\"wd-timeline-image\">\n\t\t\t\t\t\t\t\t\t\t<img decoding=\"async\" width=\"600\" height=\"450\" src=\"https:\/\/www.aikoufoil.com\/wp-content\/uploads\/2024\/11\/company-history-3-600x450.png\" class=\"attachment-woocommerce_single size-woocommerce_single\" alt=\"Historia de la empresa 3\" srcset=\"https:\/\/www.aikoufoil.com\/wp-content\/uploads\/2024\/11\/company-history-3-600x450.png 600w, https:\/\/www.aikoufoil.com\/wp-content\/uploads\/2024\/11\/company-history-3-300x225.png 300w, https:\/\/www.aikoufoil.com\/wp-content\/uploads\/2024\/11\/company-history-3-768x576.png 768w, https:\/\/www.aikoufoil.com\/wp-content\/uploads\/2024\/11\/company-history-3-16x12.png 16w, https:\/\/www.aikoufoil.com\/wp-content\/uploads\/2024\/11\/company-history-3-150x113.png 150w, https:\/\/www.aikoufoil.com\/wp-content\/uploads\/2024\/11\/company-history-3.png 800w\" sizes=\"(max-width: 600px) 100vw, 600px\" \/>\t\t\t\t\t\t\t\t\t<\/div>\n\t\t\t\t\t\t\t\t\n\t\t\t\t\t\t\t\t\n\t\t\t\t\t\t\t\t<div class=\"wd-timeline-content wd-set-mb reset-last-child\">\n\t\t\t\t\t\t\t\t\t<span style=\" font-size: 24px;\">\nEn 2013, Aikou se centr\u00f3 en el desarrollo de cajas de comida para aviaci\u00f3n y cajas para hornear sin arrugas, y estableci\u00f3 asociaciones con varias aerol\u00edneas.\t\t\t\t\t\t\t\t<\/div>\n\t\t\t\t\t\t\t<\/div>\n\t\t\t\t\t\t<\/div>\n\t\t\t\t\t\t\t\t\t\t\t\t\t\t\t\t\t\t\t\t\t\t\t\t\t<div class=\"wd-timeline-item wd-item-position-left elementor-repeater-item-969639c\">\n\t\t\t\t\t\t\t<div class=\"woodmart-timeline-dot\"><\/div>\n\n\t\t\t\t\t\t\t<div class=\"timeline-col timeline-col-primary\">\n\t\t\t\t\t\t\t\t<span class=\"timeline-arrow\"><\/span>\n\t\t\t\t\t\t\t\t\t\t\t\t\t\t\t\t\t<div class=\"wd-timeline-image\">\n\t\t\t\t\t\t\t\t\t\t<img loading=\"lazy\" decoding=\"async\" width=\"600\" height=\"450\" src=\"https:\/\/www.aikoufoil.com\/wp-content\/uploads\/2024\/11\/company-history-4-600x450.png\" class=\"attachment-woocommerce_single size-woocommerce_single\" alt=\"\" srcset=\"https:\/\/www.aikoufoil.com\/wp-content\/uploads\/2024\/11\/company-history-4-600x450.png 600w, https:\/\/www.aikoufoil.com\/wp-content\/uploads\/2024\/11\/company-history-4-300x225.png 300w, https:\/\/www.aikoufoil.com\/wp-content\/uploads\/2024\/11\/company-history-4-768x576.png 768w, https:\/\/www.aikoufoil.com\/wp-content\/uploads\/2024\/11\/company-history-4-16x12.png 16w, https:\/\/www.aikoufoil.com\/wp-content\/uploads\/2024\/11\/company-history-4-150x113.png 150w, https:\/\/www.aikoufoil.com\/wp-content\/uploads\/2024\/11\/company-history-4.png 800w\" sizes=\"(max-width: 600px) 100vw, 600px\">\t\t\t\t\t\t\t\t\t<\/div>\n\t\t\t\t\t\t\t\t\n\t\t\t\t\t\t\t\t\n\t\t\t\t\t\t\t\t<div class=\"wd-timeline-content wd-set-mb reset-last-child\">\n\t\t\t\t\t\t\t\t\t<span style=\" font-size: 24px;\">\nEn 2014, Aikou comenz\u00f3 a desarrollar c\u00e1psulas de caf\u00e9 de papel de aluminio para expandir el mercado del caf\u00e9.\t\t\t\t\t\t\t\t<\/div>\n\t\t\t\t\t\t\t<\/div>\n\n\t\t\t\t\t\t\t<div class=\"timeline-col timeline-col-secondary\">\n\t\t\t\t\t\t\t\t<span class=\"timeline-arrow\"><\/span>\n\t\t\t\t\t\t\t\t\n\t\t\t\t\t\t\t\t\n\t\t\t\t\t\t\t\t<div class=\"wd-timeline-content wd-set-mb reset-last-child\">\n\t\t\t\t\t\t\t\t\t<p><span style=\"color: #339967; font-size: 50px;\"><strong>2014<\/strong><\/span><\/p>\t\t\t\t\t\t\t\t<\/div>\n\t\t\t\t\t\t\t<\/div>\n\t\t\t\t\t\t<\/div>\n\t\t\t\t\t\t\t\t\t\t\t\t\t\t\t\t\t\t\t\t\t\t\t\t\t<div class=\"wd-timeline-item wd-item-position-left elementor-repeater-item-9fcfec5\">\n\t\t\t\t\t\t\t<div class=\"woodmart-timeline-dot\"><\/div>\n\n\t\t\t\t\t\t\t<div class=\"timeline-col timeline-col-primary\">\n\t\t\t\t\t\t\t\t<span class=\"timeline-arrow\"><\/span>\n\t\t\t\t\t\t\t\t\n\t\t\t\t\t\t\t\t\n\t\t\t\t\t\t\t\t<div class=\"wd-timeline-content wd-set-mb reset-last-child\">\n\t\t\t\t\t\t\t\t\t<p><span style=\"color: #339967; font-size: 50px;\"><strong>2016<\/strong><\/span><\/p>\t\t\t\t\t\t\t\t<\/div>\n\t\t\t\t\t\t\t<\/div>\n\n\t\t\t\t\t\t\t<div class=\"timeline-col timeline-col-secondary\">\n\t\t\t\t\t\t\t\t<span class=\"timeline-arrow\"><\/span>\n\t\t\t\t\t\t\t\t\t\t\t\t\t\t\t\t\t<div class=\"wd-timeline-image\">\n\t\t\t\t\t\t\t\t\t\t<img loading=\"lazy\" decoding=\"async\" width=\"600\" height=\"450\" src=\"https:\/\/www.aikoufoil.com\/wp-content\/uploads\/2024\/11\/company-history-5-600x450.png\" class=\"attachment-woocommerce_single size-woocommerce_single\" alt=\"\" srcset=\"https:\/\/www.aikoufoil.com\/wp-content\/uploads\/2024\/11\/company-history-5-600x450.png 600w, https:\/\/www.aikoufoil.com\/wp-content\/uploads\/2024\/11\/company-history-5-300x225.png 300w, https:\/\/www.aikoufoil.com\/wp-content\/uploads\/2024\/11\/company-history-5-768x576.png 768w, https:\/\/www.aikoufoil.com\/wp-content\/uploads\/2024\/11\/company-history-5-16x12.png 16w, https:\/\/www.aikoufoil.com\/wp-content\/uploads\/2024\/11\/company-history-5-150x113.png 150w, https:\/\/www.aikoufoil.com\/wp-content\/uploads\/2024\/11\/company-history-5.png 800w\" sizes=\"(max-width: 600px) 100vw, 600px\">\t\t\t\t\t\t\t\t\t<\/div>\n\t\t\t\t\t\t\t\t\n\t\t\t\t\t\t\t\t\n\t\t\t\t\t\t\t\t<div class=\"wd-timeline-content wd-set-mb reset-last-child\">\n\t\t\t\t\t\t\t\t\t<span style=\" font-size: 24px;\">\nEn 2016, Aikou solicit\u00f3 establecer una empresa en Hong Kong continental, China.\t\t\t\t\t\t\t\t<\/div>\n\t\t\t\t\t\t\t<\/div>\n\t\t\t\t\t\t<\/div>\n\t\t\t\t\t\t\t\t\t\t\t\t\t\t\t\t\t\t\t\t\t\t\t\t\t<div class=\"wd-timeline-item wd-item-position-left elementor-repeater-item-a878017\">\n\t\t\t\t\t\t\t<div class=\"woodmart-timeline-dot\"><\/div>\n\n\t\t\t\t\t\t\t<div class=\"timeline-col timeline-col-primary\">\n\t\t\t\t\t\t\t\t<span class=\"timeline-arrow\"><\/span>\n\t\t\t\t\t\t\t\t\t\t\t\t\t\t\t\t\t<div class=\"wd-timeline-image\">\n\t\t\t\t\t\t\t\t\t\t<img loading=\"lazy\" decoding=\"async\" width=\"600\" height=\"450\" src=\"https:\/\/www.aikoufoil.com\/wp-content\/uploads\/2024\/11\/company-history-6-600x450.png\" class=\"attachment-woocommerce_single size-woocommerce_single\" alt=\"Historia de la empresa 6\" srcset=\"https:\/\/www.aikoufoil.com\/wp-content\/uploads\/2024\/11\/company-history-6-600x450.png 600w, https:\/\/www.aikoufoil.com\/wp-content\/uploads\/2024\/11\/company-history-6-300x225.png 300w, https:\/\/www.aikoufoil.com\/wp-content\/uploads\/2024\/11\/company-history-6-768x576.png 768w, https:\/\/www.aikoufoil.com\/wp-content\/uploads\/2024\/11\/company-history-6-16x12.png 16w, https:\/\/www.aikoufoil.com\/wp-content\/uploads\/2024\/11\/company-history-6-150x113.png 150w, https:\/\/www.aikoufoil.com\/wp-content\/uploads\/2024\/11\/company-history-6.png 800w\" sizes=\"(max-width: 600px) 100vw, 600px\" \/>\t\t\t\t\t\t\t\t\t<\/div>\n\t\t\t\t\t\t\t\t\n\t\t\t\t\t\t\t\t\n\t\t\t\t\t\t\t\t<div class=\"wd-timeline-content wd-set-mb reset-last-child\">\n\t\t\t\t\t\t\t\t\t<span style=\" font-size: 24px;\">\nEn 2019, Aikou logr\u00f3 un progreso significativo en la tecnolog\u00eda de producci\u00f3n y moldes de loncheras de papel de aluminio liso, especialmente en la investigaci\u00f3n y aplicaci\u00f3n de la tecnolog\u00eda de borde antivuelco, convirti\u00e9ndola en un referente en la industria.\t\t\t\t\t\t\t\t<\/div>\n\t\t\t\t\t\t\t<\/div>\n\n\t\t\t\t\t\t\t<div class=\"timeline-col timeline-col-secondary\">\n\t\t\t\t\t\t\t\t<span class=\"timeline-arrow\"><\/span>\n\t\t\t\t\t\t\t\t\n\t\t\t\t\t\t\t\t\n\t\t\t\t\t\t\t\t<div class=\"wd-timeline-content wd-set-mb reset-last-child\">\n\t\t\t\t\t\t\t\t\t<p><span style=\"color: #339967; font-size: 50px;\"><strong>2019<\/strong><\/span><\/p>\t\t\t\t\t\t\t\t<\/div>\n\t\t\t\t\t\t\t<\/div>\n\t\t\t\t\t\t<\/div>\n\t\t\t\t\t\t\t\t\t\t\t\t\t\t\t\t\t\t\t\t\t\t\t\t\t<div class=\"wd-timeline-item wd-item-position-left elementor-repeater-item-9859ad5\">\n\t\t\t\t\t\t\t<div class=\"woodmart-timeline-dot\"><\/div>\n\n\t\t\t\t\t\t\t<div class=\"timeline-col timeline-col-primary\">\n\t\t\t\t\t\t\t\t<span class=\"timeline-arrow\"><\/span>\n\t\t\t\t\t\t\t\t\n\t\t\t\t\t\t\t\t\n\t\t\t\t\t\t\t\t<div class=\"wd-timeline-content wd-set-mb reset-last-child\">\n\t\t\t\t\t\t\t\t\t<p><span style=\"color: #339967; font-size: 50px;\"><strong>2021<\/strong><\/span><\/p>\t\t\t\t\t\t\t\t<\/div>\n\t\t\t\t\t\t\t<\/div>\n\n\t\t\t\t\t\t\t<div class=\"timeline-col timeline-col-secondary\">\n\t\t\t\t\t\t\t\t<span class=\"timeline-arrow\"><\/span>\n\t\t\t\t\t\t\t\t\t\t\t\t\t\t\t\t\t<div class=\"wd-timeline-image\">\n\t\t\t\t\t\t\t\t\t\t<img loading=\"lazy\" decoding=\"async\" width=\"600\" height=\"450\" src=\"https:\/\/www.aikoufoil.com\/wp-content\/uploads\/2024\/11\/company-history-7-600x450.png\" class=\"attachment-woocommerce_single size-woocommerce_single\" alt=\"Historia de la empresa 7\" srcset=\"https:\/\/www.aikoufoil.com\/wp-content\/uploads\/2024\/11\/company-history-7-600x450.png 600w, https:\/\/www.aikoufoil.com\/wp-content\/uploads\/2024\/11\/company-history-7-300x225.png 300w, https:\/\/www.aikoufoil.com\/wp-content\/uploads\/2024\/11\/company-history-7-768x576.png 768w, https:\/\/www.aikoufoil.com\/wp-content\/uploads\/2024\/11\/company-history-7-16x12.png 16w, https:\/\/www.aikoufoil.com\/wp-content\/uploads\/2024\/11\/company-history-7-150x113.png 150w, https:\/\/www.aikoufoil.com\/wp-content\/uploads\/2024\/11\/company-history-7.png 800w\" sizes=\"(max-width: 600px) 100vw, 600px\" \/>\t\t\t\t\t\t\t\t\t<\/div>\n\t\t\t\t\t\t\t\t\n\t\t\t\t\t\t\t\t\n\t\t\t\t\t\t\t\t<div class=\"wd-timeline-content wd-set-mb reset-last-child\">\n\t\t\t\t\t\t\t\t\t<span style=\" font-size: 24px;\">\nEn 2021, Aikou desarroll\u00f3 y mejor\u00f3 la tecnolog\u00eda de cocci\u00f3n a alta temperatura sellada t\u00e9rmicamente para satisfacer las necesidades de envasado de las latas para mascotas.\t\t\t\t\t\t\t\t<\/div>\n\t\t\t\t\t\t\t<\/div>\n\t\t\t\t\t\t<\/div>\n\t\t\t\t\t\t\t\t\t\t\t\t\t\t\t\t\t\t\t\t\t\t\t\t\t<div class=\"wd-timeline-item wd-item-position-left elementor-repeater-item-b6f1f30\">\n\t\t\t\t\t\t\t<div class=\"woodmart-timeline-dot\"><\/div>\n\n\t\t\t\t\t\t\t<div class=\"timeline-col timeline-col-primary\">\n\t\t\t\t\t\t\t\t<span class=\"timeline-arrow\"><\/span>\n\t\t\t\t\t\t\t\t\t\t\t\t\t\t\t\t\t<div class=\"wd-timeline-image\">\n\t\t\t\t\t\t\t\t\t\t<img loading=\"lazy\" decoding=\"async\" width=\"600\" height=\"450\" src=\"https:\/\/www.aikoufoil.com\/wp-content\/uploads\/2024\/11\/company-history-8-600x450.png\" class=\"attachment-woocommerce_single size-woocommerce_single\" alt=\"Taller libre de polvo de Aikoufoil que fabrica c\u00e1psulas de caf\u00e9 de aluminio de pared lisa\" srcset=\"https:\/\/www.aikoufoil.com\/wp-content\/uploads\/2024\/11\/company-history-8-600x450.png 600w, https:\/\/www.aikoufoil.com\/wp-content\/uploads\/2024\/11\/company-history-8-300x225.png 300w, https:\/\/www.aikoufoil.com\/wp-content\/uploads\/2024\/11\/company-history-8-768x576.png 768w, https:\/\/www.aikoufoil.com\/wp-content\/uploads\/2024\/11\/company-history-8-16x12.png 16w, https:\/\/www.aikoufoil.com\/wp-content\/uploads\/2024\/11\/company-history-8-150x113.png 150w, https:\/\/www.aikoufoil.com\/wp-content\/uploads\/2024\/11\/company-history-8.png 800w\" sizes=\"(max-width: 600px) 100vw, 600px\" \/>\t\t\t\t\t\t\t\t\t<\/div>\n\t\t\t\t\t\t\t\t\n\t\t\t\t\t\t\t\t\n\t\t\t\t\t\t\t\t<div class=\"wd-timeline-content wd-set-mb reset-last-child\">\n\t\t\t\t\t\t\t\t\t<span style=\" font-size: 24px;\">\nEn 2023, Aikou construir\u00e1 un taller libre de polvo para cumplir con los requisitos de capacidad de producci\u00f3n de alto est\u00e1ndar.\t\t\t\t\t\t\t\t<\/div>\n\t\t\t\t\t\t\t<\/div>\n\n\t\t\t\t\t\t\t<div class=\"timeline-col timeline-col-secondary\">\n\t\t\t\t\t\t\t\t<span class=\"timeline-arrow\"><\/span>\n\t\t\t\t\t\t\t\t\n\t\t\t\t\t\t\t\t\n\t\t\t\t\t\t\t\t<div class=\"wd-timeline-content wd-set-mb reset-last-child\">\n\t\t\t\t\t\t\t\t\t<p><span style=\"color: #339967; font-size: 50px;\"><strong>2023<\/strong><\/span><\/p>\t\t\t\t\t\t\t\t<\/div>\n\t\t\t\t\t\t\t<\/div>\n\t\t\t\t\t\t<\/div>\n\t\t\t\t\t\t\t\t\t\t\t\t\t\t\t\t\t\t\t\t\t\t\t\t\t<div class=\"wd-timeline-item wd-item-position-left elementor-repeater-item-edb1c9c\">\n\t\t\t\t\t\t\t<div class=\"woodmart-timeline-dot\"><\/div>\n\n\t\t\t\t\t\t\t<div class=\"timeline-col timeline-col-primary\">\n\t\t\t\t\t\t\t\t<span class=\"timeline-arrow\"><\/span>\n\t\t\t\t\t\t\t\t\n\t\t\t\t\t\t\t\t\n\t\t\t\t\t\t\t\t<div class=\"wd-timeline-content wd-set-mb reset-last-child\">\n\t\t\t\t\t\t\t\t\t<p><span style=\"color: #339967; font-size: 50px;\"><strong>2024<\/strong><\/span><\/p>\t\t\t\t\t\t\t\t<\/div>\n\t\t\t\t\t\t\t<\/div>\n\n\t\t\t\t\t\t\t<div class=\"timeline-col timeline-col-secondary\">\n\t\t\t\t\t\t\t\t<span class=\"timeline-arrow\"><\/span>\n\t\t\t\t\t\t\t\t\t\t\t\t\t\t\t\t\t<div class=\"wd-timeline-image\">\n\t\t\t\t\t\t\t\t\t\t<img loading=\"lazy\" decoding=\"async\" width=\"600\" height=\"450\" src=\"https:\/\/www.aikoufoil.com\/wp-content\/uploads\/2024\/11\/company-history-9-600x450.png\" class=\"attachment-woocommerce_single size-woocommerce_single\" alt=\"Historia de la empresa 9\" srcset=\"https:\/\/www.aikoufoil.com\/wp-content\/uploads\/2024\/11\/company-history-9-600x450.png 600w, https:\/\/www.aikoufoil.com\/wp-content\/uploads\/2024\/11\/company-history-9-300x225.png 300w, https:\/\/www.aikoufoil.com\/wp-content\/uploads\/2024\/11\/company-history-9-768x576.png 768w, https:\/\/www.aikoufoil.com\/wp-content\/uploads\/2024\/11\/company-history-9-16x12.png 16w, https:\/\/www.aikoufoil.com\/wp-content\/uploads\/2024\/11\/company-history-9-150x113.png 150w, https:\/\/www.aikoufoil.com\/wp-content\/uploads\/2024\/11\/company-history-9.png 800w\" sizes=\"(max-width: 600px) 100vw, 600px\" \/>\t\t\t\t\t\t\t\t\t<\/div>\n\t\t\t\t\t\t\t\t\n\t\t\t\t\t\t\t\t\n\t\t\t\t\t\t\t\t<div class=\"wd-timeline-content wd-set-mb reset-last-child\">\n\t\t\t\t\t\t\t\t\t<span style=\" font-size: 24px;\">\nEn 2024, Aikou invierte activamente una gran cantidad de recursos para centrarse en la investigaci\u00f3n y el desarrollo de series de alimentos y bebidas enlatadas, logrando un desarrollo de productos diversificado.\t\t\t\t\t\t\t\t<\/div>\n\t\t\t\t\t\t\t<\/div>\n\t\t\t\t\t\t<\/div>\n\t\t\t\t\t\t\t\t\t\t\t\t<\/div>\n\t\t<\/div>\n\t\t\t\t\t\t<\/div>\n\t\t\t\t<\/div>\n\t\t\t\t<\/div>\n\t\t\t\t\t<\/div>\n\t\t\t\t<\/div>\n\t\t\t\t<\/div>","protected":false},"excerpt":{"rendered":"<p>Inicio Historia de la empresa Desde 1995 hasta el futuro 1995 En 1995, los ingenieros de Aikou se convirtieron en el primer personal de I+D en China en<\/p>","protected":false},"author":3,"featured_media":0,"parent":2144,"menu_order":0,"comment_status":"closed","ping_status":"closed","template":"","meta":{"_lmt_disableupdate":"","_lmt_disable":"","footnotes":""},"class_list":["post-4687","page","type-page","status-publish","hentry"],"_links":{"self":[{"href":"https:\/\/www.aikoufoil.com\/es\/wp-json\/wp\/v2\/pages\/4687","targetHints":{"allow":["GET"]}}],"collection":[{"href":"https:\/\/www.aikoufoil.com\/es\/wp-json\/wp\/v2\/pages"}],"about":[{"href":"https:\/\/www.aikoufoil.com\/es\/wp-json\/wp\/v2\/types\/page"}],"author":[{"embeddable":true,"href":"https:\/\/www.aikoufoil.com\/es\/wp-json\/wp\/v2\/users\/3"}],"replies":[{"embeddable":true,"href":"https:\/\/www.aikoufoil.com\/es\/wp-json\/wp\/v2\/comments?post=4687"}],"version-history":[{"count":5,"href":"https:\/\/www.aikoufoil.com\/es\/wp-json\/wp\/v2\/pages\/4687\/revisions"}],"predecessor-version":[{"id":5900,"href":"https:\/\/www.aikoufoil.com\/es\/wp-json\/wp\/v2\/pages\/4687\/revisions\/5900"}],"up":[{"embeddable":true,"href":"https:\/\/www.aikoufoil.com\/es\/wp-json\/wp\/v2\/pages\/2144"}],"wp:attachment":[{"href":"https:\/\/www.aikoufoil.com\/es\/wp-json\/wp\/v2\/media?parent=4687"}],"curies":[{"name":"gracias","href":"https:\/\/api.w.org\/{rel}","templated":true}]}}