{"id":2173,"date":"2023-12-26T09:46:39","date_gmt":"2023-12-26T09:46:39","guid":{"rendered":"https:\/\/www.66test.top\/?page_id=2173"},"modified":"2024-11-08T10:06:31","modified_gmt":"2024-11-08T10:06:31","slug":"culture","status":"publish","type":"page","link":"https:\/\/www.aikoufoil.com\/es\/about-aikou\/culture\/","title":{"rendered":"Aikou Foil Cultura de la Empresa"},"content":{"rendered":"<div data-elementor-type=\"wp-page\" data-elementor-id=\"2173\" class=\"elementor elementor-2173\">\n\t\t\t\t<div class=\"wd-negative-gap elementor-element elementor-element-fdf5200 wd-section-stretch-content e-flex e-con-boxed e-con e-parent\" data-id=\"fdf5200\" data-element_type=\"container\" data-e-type=\"container\">\n\t\t\t\t\t<div class=\"e-con-inner\">\n\t\t\t\t<div class=\"elementor-element elementor-element-cc1c0d8 text-center wd-el-breadcrumbs elementor-widget elementor-widget-wd_wc_breadcrumb\" data-id=\"cc1c0d8\" data-element_type=\"widget\" data-e-type=\"widget\" data-widget_type=\"wd_wc_breadcrumb.default\">\n\t\t\t\t<div class=\"elementor-widget-container\">\n\t\t\t\t\t<nav class=\"wd-breadcrumbs woocommerce-breadcrumb\" aria-label=\"Migaja de pan\">\t\t\t\t<span class=\"wd-last\">\n\t\t\t\t\tHogar\t\t\t\t<\/span>\n\t\t\t<\/nav>\t\t\t\t<\/div>\n\t\t\t\t<\/div>\n\t\t<div class=\"elementor-element elementor-element-1da8f65 e-con-full wd-section-stretch e-flex e-con e-child\" data-id=\"1da8f65\" data-element_type=\"container\" data-e-type=\"container\" data-settings=\"{&quot;background_background&quot;:&quot;classic&quot;}\">\n\t\t\t\t<div class=\"elementor-element elementor-element-242586b elementor-widget elementor-widget-heading\" data-id=\"242586b\" data-element_type=\"widget\" data-e-type=\"widget\" data-widget_type=\"heading.default\">\n\t\t\t\t\t<h1 class=\"elementor-heading-title elementor-size-default\"><span class=\"ez-toc-section\" id=\"Culture\"><\/span>Cultura<span class=\"ez-toc-section-end\"><\/span><\/h1>\t\t\t\t<\/div>\n\t\t\t\t<\/div>\n\t\t<div class=\"elementor-element elementor-element-653088f e-con-full wd-section-stretch e-flex e-con e-child\" data-id=\"653088f\" data-element_type=\"container\" data-e-type=\"container\" data-settings=\"{&quot;background_background&quot;:&quot;classic&quot;}\">\n\t\t\t\t<div class=\"elementor-element elementor-element-5aca5ac elementor-widget elementor-widget-image\" data-id=\"5aca5ac\" data-element_type=\"widget\" data-e-type=\"widget\" data-widget_type=\"image.default\">\n\t\t\t\t\t\t\t\t\t\t\t\t\t\t\t<img fetchpriority=\"high\" decoding=\"async\" width=\"1024\" height=\"494\" src=\"https:\/\/www.aikoufoil.com\/wp-content\/uploads\/2023\/12\/Comprehensive-Expertise-1024x494.jpg\" class=\"attachment-large size-large wp-image-2175\" alt=\"Experiencia integral\" srcset=\"https:\/\/www.aikoufoil.com\/wp-content\/uploads\/2023\/12\/Comprehensive-Expertise-1024x494.jpg 1024w, https:\/\/www.aikoufoil.com\/wp-content\/uploads\/2023\/12\/Comprehensive-Expertise-300x145.jpg 300w, https:\/\/www.aikoufoil.com\/wp-content\/uploads\/2023\/12\/Comprehensive-Expertise-768x371.jpg 768w, https:\/\/www.aikoufoil.com\/wp-content\/uploads\/2023\/12\/Comprehensive-Expertise-600x289.jpg 600w, https:\/\/www.aikoufoil.com\/wp-content\/uploads\/2023\/12\/Comprehensive-Expertise-150x72.jpg 150w, https:\/\/www.aikoufoil.com\/wp-content\/uploads\/2023\/12\/Comprehensive-Expertise.jpg 1140w\" sizes=\"(max-width: 1024px) 100vw, 1024px\" \/>\t\t\t\t\t\t\t\t\t\t\t\t\t\t\t<\/div>\n\t\t<div class=\"elementor-element elementor-element-996eac6 e-con-full e-flex e-con e-child\" data-id=\"996eac6\" data-element_type=\"container\" data-e-type=\"container\" data-settings=\"{&quot;background_background&quot;:&quot;classic&quot;}\">\n\t\t\t\t<div class=\"elementor-element elementor-element-56c9ff5 elementor-widget elementor-widget-heading\" data-id=\"56c9ff5\" data-element_type=\"widget\" data-e-type=\"widget\" data-widget_type=\"heading.default\">\n\t\t\t\t\t<h2 class=\"elementor-heading-title elementor-size-default\"><span class=\"ez-toc-section\" id=\"Professional\"><\/span>Profesional<span class=\"ez-toc-section-end\"><\/span><\/h2>\t\t\t\t<\/div>\n\t\t\t\t<\/div>\n\t\t\t\t<div class=\"elementor-element elementor-element-f1fbc41 text-center color-scheme-inherit elementor-widget elementor-widget-text-editor\" data-id=\"f1fbc41\" data-element_type=\"widget\" data-e-type=\"widget\" data-widget_type=\"text-editor.default\">\n\t\t\t\t\t\t\t\t\t<p>La industria del papel de aluminio involucra una amplia gama de productos, bandejas de papel de aluminio, contenedores de papel de aluminio, rollos de papel de aluminio, papel de dibujo, moldes para hornear, c\u00e1psulas de papel de aluminio, contenedores de alimentos para aerol\u00edneas, desechables para contenedores, etc. Tenemos m\u00e1s de 600 tipos de moldes y satisfacemos totalmente las solicitudes de los clientes de acuerdo con los diferentes mercados, estos productos se desarrollan durante un tiempo extremadamente largo y se usan ampliamente en el mercado. El contenedor de papel de aluminio de pared lisa con revestimiento colorido solo se comercializa hace casi diez a\u00f1os. Es lujoso y hermoso, pero el precio es m\u00e1s alto. Es una gran demanda de tecnolog\u00eda y materias primas, diferentes moldes y diferentes materiales anchos tambi\u00e9n necesitan diferentes colores, lo que lleva a un stock de materiales muy grande y requiere mucho dinero, pero a nuestra f\u00e1brica le gusta poner energ\u00eda y tiempo 100% para producir paredes lisas de colores que nos permiten tener las siguientes ventajas:<br \/>1: Como profesionales, utilicemos materiales de mayor tama\u00f1o y de menor costo, lo que hace que el precio sea m\u00e1s ventajoso. <br \/>2: Continuamos abriendo una gran variedad de moldes para tazas para hornear, recipientes de alimentos de aluminio y c\u00e1psulas vac\u00edas todo el tiempo, lo que permite que el cliente tenga muchas m\u00e1s opciones y pueda satisfacer sus solicitudes.<br \/>3: El color tiene m\u00e1s de 30 colores para elegir y tambi\u00e9n admite personalizaci\u00f3n.<br \/>4: Tenemos en stock materiales de diferentes colores por adelantado, el cliente puede elegir diferentes art\u00edculos con muchas formas y mantener la entrega de los productos lo m\u00e1s r\u00e1pido posible.<\/p>\t\t\t\t\t\t\t\t<\/div>\n\t\t\t\t<\/div>\n\t\t<div class=\"elementor-element elementor-element-69defdf e-con-full wd-section-stretch e-flex e-con e-child\" data-id=\"69defdf\" data-element_type=\"container\" data-e-type=\"container\" data-settings=\"{&quot;background_background&quot;:&quot;classic&quot;}\">\n\t\t\t\t<div class=\"elementor-element elementor-element-044f5b3 elementor-widget elementor-widget-image\" data-id=\"044f5b3\" data-element_type=\"widget\" data-e-type=\"widget\" data-widget_type=\"image.default\">\n\t\t\t\t\t\t\t\t\t\t\t\t\t\t\t<img decoding=\"async\" width=\"1024\" height=\"494\" src=\"https:\/\/www.aikoufoil.com\/wp-content\/uploads\/2023\/12\/Responsibility-1024x494.jpg\" class=\"attachment-large size-large wp-image-2176\" alt=\"Responsabilidad\" srcset=\"https:\/\/www.aikoufoil.com\/wp-content\/uploads\/2023\/12\/Responsibility-1024x494.jpg 1024w, https:\/\/www.aikoufoil.com\/wp-content\/uploads\/2023\/12\/Responsibility-300x145.jpg 300w, https:\/\/www.aikoufoil.com\/wp-content\/uploads\/2023\/12\/Responsibility-768x371.jpg 768w, https:\/\/www.aikoufoil.com\/wp-content\/uploads\/2023\/12\/Responsibility-600x289.jpg 600w, https:\/\/www.aikoufoil.com\/wp-content\/uploads\/2023\/12\/Responsibility-150x72.jpg 150w, https:\/\/www.aikoufoil.com\/wp-content\/uploads\/2023\/12\/Responsibility.jpg 1140w\" sizes=\"(max-width: 1024px) 100vw, 1024px\" \/>\t\t\t\t\t\t\t\t\t\t\t\t\t\t\t<\/div>\n\t\t<div class=\"elementor-element elementor-element-05f08cd e-con-full e-flex e-con e-child\" data-id=\"05f08cd\" data-element_type=\"container\" data-e-type=\"container\" data-settings=\"{&quot;background_background&quot;:&quot;classic&quot;}\">\n\t\t\t\t<div class=\"elementor-element elementor-element-4958b09 elementor-widget elementor-widget-heading\" data-id=\"4958b09\" data-element_type=\"widget\" data-e-type=\"widget\" data-widget_type=\"heading.default\">\n\t\t\t\t\t<h2 class=\"elementor-heading-title elementor-size-default\"><span class=\"ez-toc-section\" id=\"Responsibility\"><\/span>Responsabilidad<span class=\"ez-toc-section-end\"><\/span><\/h2>\t\t\t\t<\/div>\n\t\t\t\t<\/div>\n\t\t\t\t<div class=\"elementor-element elementor-element-129d36b text-center color-scheme-inherit elementor-widget elementor-widget-text-editor\" data-id=\"129d36b\" data-element_type=\"widget\" data-e-type=\"widget\" data-widget_type=\"text-editor.default\">\n\t\t\t\t\t\t\t\t\t<p>Nos hacemos responsables de cualquier problema con los productos y el env\u00edo.<br \/>1: Si el producto tiene alg\u00fan problema cuando el cliente lo recibe, tome una foto o un video para nosotros. Tomaremos medidas y responderemos r\u00e1pidamente una vez confirmado. Y hablaremos con el cliente para encontrar formas de resolverlo. Nos gustar\u00eda resolver el problema juntos y no queremos demorarnos ni buscar excusas.<br \/>2: Hacemos todo lo posible para evitar problemas y errores, ya que contamos con un equipo profesional para probar los productos pedidos por el cliente y verificar la calidad antes del env\u00edo.<br \/>3: Hacemos todo lo posible para ayudar al cliente a controlar la buena calidad. Tenemos una experiencia total en exportaci\u00f3n que nos permite saber qu\u00e9 mercado necesita qu\u00e9 productos de calidad. No permitiremos que se produzcan cantidades menores y utilizaremos el precio m\u00e1s bajo para absorber los pedidos.<br \/>4: Nos hacemos responsables del env\u00edo al cliente si es necesario, guardamos y hacemos un seguimiento de los productos hasta que el cliente los reciba.<\/p>\t\t\t\t\t\t\t\t<\/div>\n\t\t\t\t<\/div>\n\t\t<div class=\"elementor-element elementor-element-ffadf33 e-con-full wd-section-stretch e-flex e-con e-child\" data-id=\"ffadf33\" data-element_type=\"container\" data-e-type=\"container\" data-settings=\"{&quot;background_background&quot;:&quot;classic&quot;}\">\n\t\t\t\t<div class=\"elementor-element elementor-element-aeeea35 elementor-widget elementor-widget-image\" data-id=\"aeeea35\" data-element_type=\"widget\" data-e-type=\"widget\" data-widget_type=\"image.default\">\n\t\t\t\t\t\t\t\t\t\t\t\t\t\t\t<img decoding=\"async\" width=\"1024\" height=\"494\" src=\"https:\/\/www.aikoufoil.com\/wp-content\/uploads\/2023\/12\/Stability-1024x494.jpg\" class=\"attachment-large size-large wp-image-2177\" alt=\"Estabilidad\" srcset=\"https:\/\/www.aikoufoil.com\/wp-content\/uploads\/2023\/12\/Stability-1024x494.jpg 1024w, https:\/\/www.aikoufoil.com\/wp-content\/uploads\/2023\/12\/Stability-300x145.jpg 300w, https:\/\/www.aikoufoil.com\/wp-content\/uploads\/2023\/12\/Stability-768x371.jpg 768w, https:\/\/www.aikoufoil.com\/wp-content\/uploads\/2023\/12\/Stability-600x289.jpg 600w, https:\/\/www.aikoufoil.com\/wp-content\/uploads\/2023\/12\/Stability-150x72.jpg 150w, https:\/\/www.aikoufoil.com\/wp-content\/uploads\/2023\/12\/Stability.jpg 1140w\" sizes=\"(max-width: 1024px) 100vw, 1024px\" \/>\t\t\t\t\t\t\t\t\t\t\t\t\t\t\t<\/div>\n\t\t<div class=\"elementor-element elementor-element-a36233e e-con-full e-flex e-con e-child\" data-id=\"a36233e\" data-element_type=\"container\" data-e-type=\"container\" data-settings=\"{&quot;background_background&quot;:&quot;classic&quot;}\">\n\t\t\t\t<div class=\"elementor-element elementor-element-72a894f elementor-widget elementor-widget-heading\" data-id=\"72a894f\" data-element_type=\"widget\" data-e-type=\"widget\" data-widget_type=\"heading.default\">\n\t\t\t\t\t<h2 class=\"elementor-heading-title elementor-size-default\"><span class=\"ez-toc-section\" id=\"Stability\"><\/span>Estabilidad<span class=\"ez-toc-section-end\"><\/span><\/h2>\t\t\t\t<\/div>\n\t\t\t\t<\/div>\n\t\t\t\t<div class=\"elementor-element elementor-element-c4be2c2 text-center color-scheme-inherit elementor-widget elementor-widget-text-editor\" data-id=\"c4be2c2\" data-element_type=\"widget\" data-e-type=\"widget\" data-widget_type=\"text-editor.default\">\n\t\t\t\t\t\t\t\t\t<p>La estabilidad es muy importante para la calidad de los productos. Si los materiales no son estables, los productos pueden tener problemas cuando el cliente los utiliza a diario. Por ejemplo:<br \/>1: C\u00e1psula de caf\u00e9 vac\u00eda: si los materiales de la bandeja y la tapa tienen problemas, no se podr\u00e1n sellar bien al llenar y sellar. El cliente desperdiciar\u00e1 caf\u00e9, tapa y c\u00e1psula.<br \/>2: Contenedor de alimentos sellado: este producto es el m\u00e1s solicitado en cuanto a materiales de aluminio, no solo bandejas sino tambi\u00e9n tapas, ya que necesitan esterilizaci\u00f3n a alta temperatura de 135 \u2103 durante 90 minutos para que los alimentos no se derramen de la bandeja. La estructura del material de este producto es compleja y necesita un material de alta estabilidad. Si la calidad es com\u00fan y no profesional, ser\u00e1 f\u00e1cil enfrentar problemas. <br \/>3: La tapa de pl\u00e1stico no se adapta bien a la bandeja de aluminio. Recibimos comentarios de clientes que afirman que la tapa no se adapta bien a la bandeja, lo que nos permiti\u00f3 buscar un proveedor cooperador con mucho cuidado. Nos preocupamos por los problemas y nos tomamos las molestias por nuestros clientes. En resumen: \u00a1la calidad de la tapa de pl\u00e1stico tambi\u00e9n debe ser estable!<\/p>\t\t\t\t\t\t\t\t<\/div>\n\t\t\t\t<\/div>\n\t\t<div class=\"elementor-element elementor-element-79614f2 e-con-full wd-section-stretch e-flex e-con e-child\" data-id=\"79614f2\" data-element_type=\"container\" data-e-type=\"container\" data-settings=\"{&quot;background_background&quot;:&quot;classic&quot;}\">\n\t\t\t\t<div class=\"elementor-element elementor-element-2e54cf9 elementor-widget elementor-widget-image\" data-id=\"2e54cf9\" data-element_type=\"widget\" data-e-type=\"widget\" data-widget_type=\"image.default\">\n\t\t\t\t\t\t\t\t\t\t\t\t\t\t\t<img loading=\"lazy\" decoding=\"async\" width=\"1024\" height=\"494\" src=\"https:\/\/www.aikoufoil.com\/wp-content\/uploads\/2023\/12\/Research-and-Development-1024x494.jpg\" class=\"attachment-large size-large wp-image-2178\" alt=\"Investigaci\u00f3n y desarrollo\" srcset=\"https:\/\/www.aikoufoil.com\/wp-content\/uploads\/2023\/12\/Research-and-Development-1024x494.jpg 1024w, https:\/\/www.aikoufoil.com\/wp-content\/uploads\/2023\/12\/Research-and-Development-300x145.jpg 300w, https:\/\/www.aikoufoil.com\/wp-content\/uploads\/2023\/12\/Research-and-Development-768x371.jpg 768w, https:\/\/www.aikoufoil.com\/wp-content\/uploads\/2023\/12\/Research-and-Development-600x289.jpg 600w, https:\/\/www.aikoufoil.com\/wp-content\/uploads\/2023\/12\/Research-and-Development-150x72.jpg 150w, https:\/\/www.aikoufoil.com\/wp-content\/uploads\/2023\/12\/Research-and-Development.jpg 1140w\" sizes=\"(max-width: 1024px) 100vw, 1024px\" \/>\t\t\t\t\t\t\t\t\t\t\t\t\t\t\t<\/div>\n\t\t<div class=\"elementor-element elementor-element-dce6311 e-con-full e-flex e-con e-child\" data-id=\"dce6311\" data-element_type=\"container\" data-e-type=\"container\" data-settings=\"{&quot;background_background&quot;:&quot;classic&quot;}\">\n\t\t\t\t<div class=\"elementor-element elementor-element-f7c71c0 elementor-widget elementor-widget-heading\" data-id=\"f7c71c0\" data-element_type=\"widget\" data-e-type=\"widget\" data-widget_type=\"heading.default\">\n\t\t\t\t\t<h2 class=\"elementor-heading-title elementor-size-default\"><span class=\"ez-toc-section\" id=\"Research_and_Development\"><\/span>Investigaci\u00f3n y desarrollo<span class=\"ez-toc-section-end\"><\/span><\/h2>\t\t\t\t<\/div>\n\t\t\t\t<\/div>\n\t\t\t\t<div class=\"elementor-element elementor-element-58fef6e text-center color-scheme-inherit elementor-widget elementor-widget-text-editor\" data-id=\"58fef6e\" data-element_type=\"widget\" data-e-type=\"widget\" data-widget_type=\"text-editor.default\">\n\t\t\t\t\t\t\t\t\t<p>La empresa no solo invierte un gran capital, sino que tambi\u00e9n tiene un grado de reconocimiento de 120% para investigar y desarrollar productos, moldes y nuevos materiales. Los productos de Colorful se utilizan cada vez m\u00e1s en diferentes industrias. Hemos formado un equipo profesional para hacer R$D en todo momento. Este es el prop\u00f3sito muy importante de nuestra empresa. No resuelve el problema de la estructura de las materias primas del producto. El recipiente de alimentos de aluminio desechable no se puede utilizar bien en el mercado. La mayor\u00eda de los materiales b\u00e1sicos tambi\u00e9n los compramos de Alemania, Jap\u00f3n, Italia y Suiza. Y nos gusta cooperar con cualquier empresa profesional.<\/p>\t\t\t\t\t\t\t\t<\/div>\n\t\t\t\t<\/div>\n\t\t<div class=\"elementor-element elementor-element-bc7d81e e-con-full wd-section-stretch e-flex e-con e-child\" data-id=\"bc7d81e\" data-element_type=\"container\" data-e-type=\"container\" data-settings=\"{&quot;background_background&quot;:&quot;classic&quot;}\">\n\t\t\t\t<div class=\"elementor-element elementor-element-b2ecb5d elementor-widget elementor-widget-image\" data-id=\"b2ecb5d\" data-element_type=\"widget\" data-e-type=\"widget\" data-widget_type=\"image.default\">\n\t\t\t\t\t\t\t\t\t\t\t\t\t\t\t<img loading=\"lazy\" decoding=\"async\" width=\"1024\" height=\"494\" src=\"https:\/\/www.aikoufoil.com\/wp-content\/uploads\/2023\/12\/Dedication-1024x494.jpg\" class=\"attachment-large size-large wp-image-2180\" alt=\"Dedicaci\u00f3n\" srcset=\"https:\/\/www.aikoufoil.com\/wp-content\/uploads\/2023\/12\/Dedication-1024x494.jpg 1024w, https:\/\/www.aikoufoil.com\/wp-content\/uploads\/2023\/12\/Dedication-300x145.jpg 300w, https:\/\/www.aikoufoil.com\/wp-content\/uploads\/2023\/12\/Dedication-768x371.jpg 768w, https:\/\/www.aikoufoil.com\/wp-content\/uploads\/2023\/12\/Dedication-600x289.jpg 600w, https:\/\/www.aikoufoil.com\/wp-content\/uploads\/2023\/12\/Dedication-150x72.jpg 150w, https:\/\/www.aikoufoil.com\/wp-content\/uploads\/2023\/12\/Dedication.jpg 1140w\" sizes=\"(max-width: 1024px) 100vw, 1024px\" \/>\t\t\t\t\t\t\t\t\t\t\t\t\t\t\t<\/div>\n\t\t<div class=\"elementor-element elementor-element-c6a6df9 e-con-full e-flex e-con e-child\" data-id=\"c6a6df9\" data-element_type=\"container\" data-e-type=\"container\" data-settings=\"{&quot;background_background&quot;:&quot;classic&quot;}\">\n\t\t\t\t<div class=\"elementor-element elementor-element-f7398d0 elementor-widget elementor-widget-heading\" data-id=\"f7398d0\" data-element_type=\"widget\" data-e-type=\"widget\" data-widget_type=\"heading.default\">\n\t\t\t\t\t<h2 class=\"elementor-heading-title elementor-size-default\"><span class=\"ez-toc-section\" id=\"Patience\"><\/span>Paciencia<span class=\"ez-toc-section-end\"><\/span><\/h2>\t\t\t\t<\/div>\n\t\t\t\t<\/div>\n\t\t\t\t<div class=\"elementor-element elementor-element-81f6136 text-center color-scheme-inherit elementor-widget elementor-widget-text-editor\" data-id=\"81f6136\" data-element_type=\"widget\" data-e-type=\"widget\" data-widget_type=\"text-editor.default\">\n\t\t\t\t\t\t\t\t\t<p>Nos gustar\u00eda tener la suficiente paciencia para apoyar y crecer junto con nuestros clientes, por ejemplo:<br \/>1: Acerca de las muestras: si el cliente tiene su propio espesor y solicitud de color, nuestra empresa quisiera respaldar la fabricaci\u00f3n de muestras por parte del cliente en numerosas ocasiones hasta que el cliente quede satisfecho. Aunque la producci\u00f3n es dif\u00edcil de hacer, tambi\u00e9n tenemos un coraz\u00f3n sincero para ayudar al cliente a hacer la verdad.<br \/>2: No todos los empresarios pueden tener \u00e9xito desde el principio, necesitan tiempo para crecer y necesitan el apoyo de los proveedores. Sabemos que es dif\u00edcil hacer negocios y nos gustar\u00eda tener m\u00e1s paciencia para ayudar a nuestros clientes con la cantidad m\u00ednima de pedido, el precio y los productos.<\/p>\t\t\t\t\t\t\t\t<\/div>\n\t\t\t\t<\/div>\n\t\t<div class=\"elementor-element elementor-element-0dda2dc e-con-full wd-section-stretch e-flex e-con e-child\" data-id=\"0dda2dc\" data-element_type=\"container\" data-e-type=\"container\" data-settings=\"{&quot;background_background&quot;:&quot;classic&quot;}\">\n\t\t\t\t<div class=\"elementor-element elementor-element-cda5b52 elementor-widget elementor-widget-image\" data-id=\"cda5b52\" data-element_type=\"widget\" data-e-type=\"widget\" data-widget_type=\"image.default\">\n\t\t\t\t\t\t\t\t\t\t\t\t\t\t\t<img loading=\"lazy\" decoding=\"async\" width=\"1024\" height=\"494\" src=\"https:\/\/www.aikoufoil.com\/wp-content\/uploads\/2023\/12\/Secure-Transactions-1024x494.jpg\" class=\"attachment-large size-large wp-image-2181\" alt=\"\" srcset=\"https:\/\/www.aikoufoil.com\/wp-content\/uploads\/2023\/12\/Secure-Transactions-1024x494.jpg 1024w, https:\/\/www.aikoufoil.com\/wp-content\/uploads\/2023\/12\/Secure-Transactions-300x145.jpg 300w, https:\/\/www.aikoufoil.com\/wp-content\/uploads\/2023\/12\/Secure-Transactions-768x371.jpg 768w, https:\/\/www.aikoufoil.com\/wp-content\/uploads\/2023\/12\/Secure-Transactions-600x289.jpg 600w, https:\/\/www.aikoufoil.com\/wp-content\/uploads\/2023\/12\/Secure-Transactions-150x72.jpg 150w, https:\/\/www.aikoufoil.com\/wp-content\/uploads\/2023\/12\/Secure-Transactions.jpg 1140w\" sizes=\"(max-width: 1024px) 100vw, 1024px\">\t\t\t\t\t\t\t\t\t\t\t\t\t\t\t<\/div>\n\t\t<div class=\"elementor-element elementor-element-54f8472 e-con-full e-flex e-con e-child\" data-id=\"54f8472\" data-element_type=\"container\" data-e-type=\"container\" data-settings=\"{&quot;background_background&quot;:&quot;classic&quot;}\">\n\t\t\t\t<div class=\"elementor-element elementor-element-29aa516 elementor-widget elementor-widget-heading\" data-id=\"29aa516\" data-element_type=\"widget\" data-e-type=\"widget\" data-widget_type=\"heading.default\">\n\t\t\t\t\t<h2 class=\"elementor-heading-title elementor-size-default\"><span class=\"ez-toc-section\" id=\"Protection_of_transaction\"><\/span>Protecci\u00f3n de la transacci\u00f3n<span class=\"ez-toc-section-end\"><\/span><\/h2>\t\t\t\t<\/div>\n\t\t\t\t<\/div>\n\t\t\t\t<div class=\"elementor-element elementor-element-6067883 text-center color-scheme-inherit elementor-widget elementor-widget-text-editor\" data-id=\"6067883\" data-element_type=\"widget\" data-e-type=\"widget\" data-widget_type=\"text-editor.default\">\n\t\t\t\t\t\t\t\t\t<p>Si el cliente coopera con nosotros por primera vez y no conoce la reputaci\u00f3n de nuestra empresa, le sugerimos que elija una plataforma de terceros (Alibaba) para garantizar y realizar el pedido directamente desde la plataforma de Alibaba o pagar a trav\u00e9s de la cuenta oficial de nuestra empresa. Creemos que la reputaci\u00f3n es el capital m\u00e1s valioso para una empresa. Hacemos negocios desde hace m\u00e1s de 15 a\u00f1os y siempre nos desarrollaremos en esta industria. Asumiremos la responsabilidad 100% por el cliente.<\/p>\t\t\t\t\t\t\t\t<\/div>\n\t\t\t\t<\/div>\n\t\t\t\t\t<\/div>\n\t\t\t\t<\/div>\n\t\t\t\t<\/div>","protected":false},"excerpt":{"rendered":"<p>Inicio Cultura Profesional La industria del papel de aluminio involucra una amplia gama de productos, bandejas de papel de aluminio, contenedores de papel de aluminio, rollos de papel de aluminio, tiradas de papel de aluminio.<\/p>","protected":false},"author":3,"featured_media":2175,"parent":2144,"menu_order":0,"comment_status":"closed","ping_status":"closed","template":"","meta":{"_lmt_disableupdate":"no","_lmt_disable":"","footnotes":""},"class_list":["post-2173","page","type-page","status-publish","has-post-thumbnail","hentry"],"_links":{"self":[{"href":"https:\/\/www.aikoufoil.com\/es\/wp-json\/wp\/v2\/pages\/2173","targetHints":{"allow":["GET"]}}],"collection":[{"href":"https:\/\/www.aikoufoil.com\/es\/wp-json\/wp\/v2\/pages"}],"about":[{"href":"https:\/\/www.aikoufoil.com\/es\/wp-json\/wp\/v2\/types\/page"}],"author":[{"embeddable":true,"href":"https:\/\/www.aikoufoil.com\/es\/wp-json\/wp\/v2\/users\/3"}],"replies":[{"embeddable":true,"href":"https:\/\/www.aikoufoil.com\/es\/wp-json\/wp\/v2\/comments?post=2173"}],"version-history":[{"count":5,"href":"https:\/\/www.aikoufoil.com\/es\/wp-json\/wp\/v2\/pages\/2173\/revisions"}],"predecessor-version":[{"id":5876,"href":"https:\/\/www.aikoufoil.com\/es\/wp-json\/wp\/v2\/pages\/2173\/revisions\/5876"}],"up":[{"embeddable":true,"href":"https:\/\/www.aikoufoil.com\/es\/wp-json\/wp\/v2\/pages\/2144"}],"wp:featuredmedia":[{"embeddable":true,"href":"https:\/\/www.aikoufoil.com\/es\/wp-json\/wp\/v2\/media\/2175"}],"wp:attachment":[{"href":"https:\/\/www.aikoufoil.com\/es\/wp-json\/wp\/v2\/media?parent=2173"}],"curies":[{"name":"gracias","href":"https:\/\/api.w.org\/{rel}","templated":true}]}}